{"id":11039,"date":"2021-02-24T17:21:13","date_gmt":"2021-02-24T17:21:13","guid":{"rendered":"https:\/\/www.verticalproteccioncontracaidas.com\/V2.0\/?page_id=11039"},"modified":"2024-08-07T14:41:31","modified_gmt":"2024-08-07T19:41:31","slug":"soluciones-en-alturas","status":"publish","type":"page","link":"https:\/\/www.verticalproteccioncontracaidas.com\/V2.0\/unidades-de-negocio\/soluciones-en-alturas\/","title":{"rendered":"Soluciones en alturas"},"content":{"rendered":"\t\t<div data-elementor-type=\"wp-page\" data-elementor-id=\"11039\" class=\"elementor elementor-11039\" data-elementor-post-type=\"page\">\n\t\t\t\t<div class=\"elementor-element elementor-element-03e85ea e-con-full e-flex e-con e-parent\" data-id=\"03e85ea\" data-element_type=\"container\">\n\t\t<div class=\"elementor-element elementor-element-7d19420 e-con-full e-flex e-con e-child\" data-id=\"7d19420\" data-element_type=\"container\">\n\t\t<div class=\"elementor-element elementor-element-1e816b7 e-flex e-con-boxed e-con e-child\" data-id=\"1e816b7\" data-element_type=\"container\">\n\t\t\t\t\t<div class=\"e-con-inner\">\n\t\t\t\t<div class=\"elementor-element elementor-element-185676d elementor-widget elementor-widget-heading\" data-id=\"185676d\" data-element_type=\"widget\" data-widget_type=\"heading.default\">\n\t\t\t\t<div class=\"elementor-widget-container\">\n\t\t\t<style>\/*! elementor - v3.23.0 - 05-08-2024 *\/\n.elementor-heading-title{padding:0;margin:0;line-height:1}.elementor-widget-heading .elementor-heading-title[class*=elementor-size-]>a{color:inherit;font-size:inherit;line-height:inherit}.elementor-widget-heading .elementor-heading-title.elementor-size-small{font-size:15px}.elementor-widget-heading .elementor-heading-title.elementor-size-medium{font-size:19px}.elementor-widget-heading .elementor-heading-title.elementor-size-large{font-size:29px}.elementor-widget-heading .elementor-heading-title.elementor-size-xl{font-size:39px}.elementor-widget-heading .elementor-heading-title.elementor-size-xxl{font-size:59px}<\/style><h2 class=\"elementor-heading-title elementor-size-default\">Trabajos en Suspensi\u00f3n<\/h2>\t\t<\/div>\n\t\t\t\t<\/div>\n\t\t\t\t<div class=\"elementor-element elementor-element-75d181c elementor-align-center elementor-icon-list--layout-traditional elementor-list-item-link-full_width elementor-widget elementor-widget-icon-list\" data-id=\"75d181c\" data-element_type=\"widget\" data-widget_type=\"icon-list.default\">\n\t\t\t\t<div class=\"elementor-widget-container\">\n\t\t\t<link rel=\"stylesheet\" href=\"https:\/\/www.verticalproteccioncontracaidas.com\/V2.0\/wp-content\/plugins\/elementor\/assets\/css\/widget-icon-list.min.css\">\t\t<ul class=\"elementor-icon-list-items\">\n\t\t\t\t\t\t\t<li class=\"elementor-icon-list-item\">\n\t\t\t\t\t\t\t\t\t\t\t<span class=\"elementor-icon-list-icon\">\n\t\t\t\t\t\t\t<i aria-hidden=\"true\" class=\"fas fa-check\"><\/i>\t\t\t\t\t\t<\/span>\n\t\t\t\t\t\t\t\t\t\t<span class=\"elementor-icon-list-text\">Limpieza de fachadas<\/span>\n\t\t\t\t\t\t\t\t\t<\/li>\n\t\t\t\t\t\t\t\t<li class=\"elementor-icon-list-item\">\n\t\t\t\t\t\t\t\t\t\t\t<span class=\"elementor-icon-list-icon\">\n\t\t\t\t\t\t\t<i aria-hidden=\"true\" class=\"fas fa-check\"><\/i>\t\t\t\t\t\t<\/span>\n\t\t\t\t\t\t\t\t\t\t<span class=\"elementor-icon-list-text\">Limpieza de cristales<\/span>\n\t\t\t\t\t\t\t\t\t<\/li>\n\t\t\t\t\t\t\t\t<li class=\"elementor-icon-list-item\">\n\t\t\t\t\t\t\t\t\t\t\t<span class=\"elementor-icon-list-icon\">\n\t\t\t\t\t\t\t<i aria-hidden=\"true\" class=\"fas fa-check\"><\/i>\t\t\t\t\t\t<\/span>\n\t\t\t\t\t\t\t\t\t\t<span class=\"elementor-icon-list-text\">Pintura de fachadas<\/span>\n\t\t\t\t\t\t\t\t\t<\/li>\n\t\t\t\t\t\t\t\t<li class=\"elementor-icon-list-item\">\n\t\t\t\t\t\t\t\t\t\t\t<span class=\"elementor-icon-list-icon\">\n\t\t\t\t\t\t\t<i aria-hidden=\"true\" class=\"fas fa-check\"><\/i>\t\t\t\t\t\t<\/span>\n\t\t\t\t\t\t\t\t\t\t<span class=\"elementor-icon-list-text\">Hidrofugado de fachadas<\/span>\n\t\t\t\t\t\t\t\t\t<\/li>\n\t\t\t\t\t\t\t\t<li class=\"elementor-icon-list-item\">\n\t\t\t\t\t\t\t\t\t\t\t<span class=\"elementor-icon-list-icon\">\n\t\t\t\t\t\t\t<i aria-hidden=\"true\" class=\"fas fa-check\"><\/i>\t\t\t\t\t\t<\/span>\n\t\t\t\t\t\t\t\t\t\t<span class=\"elementor-icon-list-text\">Frisados de fachadas y estreo<\/span>\n\t\t\t\t\t\t\t\t\t<\/li>\n\t\t\t\t\t\t\t\t<li class=\"elementor-icon-list-item\">\n\t\t\t\t\t\t\t\t\t\t\t<span class=\"elementor-icon-list-icon\">\n\t\t\t\t\t\t\t<i aria-hidden=\"true\" class=\"fas fa-check\"><\/i>\t\t\t\t\t\t<\/span>\n\t\t\t\t\t\t\t\t\t\t<span class=\"elementor-icon-list-text\">Lavado de tanques<\/span>\n\t\t\t\t\t\t\t\t\t<\/li>\n\t\t\t\t\t\t\t\t<li class=\"elementor-icon-list-item\">\n\t\t\t\t\t\t\t\t\t\t\t<span class=\"elementor-icon-list-icon\">\n\t\t\t\t\t\t\t<i aria-hidden=\"true\" class=\"fas fa-check\"><\/i>\t\t\t\t\t\t<\/span>\n\t\t\t\t\t\t\t\t\t\t<span class=\"elementor-icon-list-text\">Preparaci\u00f3n para certificaci\u00f3n de ascensores (NTC 5926-1)<\/span>\n\t\t\t\t\t\t\t\t\t<\/li>\n\t\t\t\t\t\t<\/ul>\n\t\t\t\t<\/div>\n\t\t\t\t<\/div>\n\t\t\t\t\t<\/div>\n\t\t\t\t<\/div>\n\t\t<div class=\"elementor-element elementor-element-cfad861 e-flex e-con-boxed e-con e-child\" data-id=\"cfad861\" data-element_type=\"container\">\n\t\t\t\t\t<div class=\"e-con-inner\">\n\t\t\t\t<div class=\"elementor-element elementor-element-a690541 elementor-widget elementor-widget-heading\" data-id=\"a690541\" data-element_type=\"widget\" data-widget_type=\"heading.default\">\n\t\t\t\t<div class=\"elementor-widget-container\">\n\t\t\t<h2 class=\"elementor-heading-title elementor-size-default\">Impermeabilizaci\u00f3n de placas y cubiertas\n<\/h2>\t\t<\/div>\n\t\t\t\t<\/div>\n\t\t\t\t<div class=\"elementor-element elementor-element-0b6da03 elementor-align-center elementor-icon-list--layout-traditional elementor-list-item-link-full_width elementor-widget elementor-widget-icon-list\" data-id=\"0b6da03\" data-element_type=\"widget\" data-widget_type=\"icon-list.default\">\n\t\t\t\t<div class=\"elementor-widget-container\">\n\t\t\t\t\t<ul class=\"elementor-icon-list-items\">\n\t\t\t\t\t\t\t<li class=\"elementor-icon-list-item\">\n\t\t\t\t\t\t\t\t\t\t\t<span class=\"elementor-icon-list-icon\">\n\t\t\t\t\t\t\t<i aria-hidden=\"true\" class=\"fas fa-check\"><\/i>\t\t\t\t\t\t<\/span>\n\t\t\t\t\t\t\t\t\t\t<span class=\"elementor-icon-list-text\">Aplicaci\u00f3n de manto asfaltico de alta temperatura<\/span>\n\t\t\t\t\t\t\t\t\t<\/li>\n\t\t\t\t\t\t\t\t<li class=\"elementor-icon-list-item\">\n\t\t\t\t\t\t\t\t\t\t\t<span class=\"elementor-icon-list-icon\">\n\t\t\t\t\t\t\t<i aria-hidden=\"true\" class=\"fas fa-check\"><\/i>\t\t\t\t\t\t<\/span>\n\t\t\t\t\t\t\t\t\t\t<span class=\"elementor-icon-list-text\">Reparaci\u00f3n de goteras y humedades en cubiertas<\/span>\n\t\t\t\t\t\t\t\t\t<\/li>\n\t\t\t\t\t\t\t\t<li class=\"elementor-icon-list-item\">\n\t\t\t\t\t\t\t\t\t\t\t<span class=\"elementor-icon-list-icon\">\n\t\t\t\t\t\t\t<i aria-hidden=\"true\" class=\"fas fa-check\"><\/i>\t\t\t\t\t\t<\/span>\n\t\t\t\t\t\t\t\t\t\t<span class=\"elementor-icon-list-text\">Montaje de estructura met\u00e1lica<\/span>\n\t\t\t\t\t\t\t\t\t<\/li>\n\t\t\t\t\t\t\t\t<li class=\"elementor-icon-list-item\">\n\t\t\t\t\t\t\t\t\t\t\t<span class=\"elementor-icon-list-icon\">\n\t\t\t\t\t\t\t<i aria-hidden=\"true\" class=\"fas fa-check\"><\/i>\t\t\t\t\t\t<\/span>\n\t\t\t\t\t\t\t\t\t\t<span class=\"elementor-icon-list-text\">Limpieza y pintura de pasos elevados\u00a0para\u00a0tuber\u00eda<\/span>\n\t\t\t\t\t\t\t\t\t<\/li>\n\t\t\t\t\t\t<\/ul>\n\t\t\t\t<\/div>\n\t\t\t\t<\/div>\n\t\t\t\t\t<\/div>\n\t\t\t\t<\/div>\n\t\t\t\t<\/div>\n\t\t<div class=\"elementor-element elementor-element-e864c4c e-con-full e-flex e-con e-child\" data-id=\"e864c4c\" data-element_type=\"container\" data-settings=\"{&quot;background_background&quot;:&quot;classic&quot;}\">\n\t\t\t\t<div class=\"elementor-element elementor-element-a5d35d0 elementor-widget elementor-widget-heading\" data-id=\"a5d35d0\" data-element_type=\"widget\" data-widget_type=\"heading.default\">\n\t\t\t\t<div class=\"elementor-widget-container\">\n\t\t\t<h2 class=\"elementor-heading-title elementor-size-default\">10 a\u00f1os de experiencia atendiendo copropiedades a nivel nacional<\/h2>\t\t<\/div>\n\t\t\t\t<\/div>\n\t\t\t\t<\/div>\n\t\t<div class=\"elementor-element elementor-element-6bc85bb e-con-full e-flex e-con e-child\" data-id=\"6bc85bb\" data-element_type=\"container\">\n\t\t\t\t<div class=\"elementor-element elementor-element-98fef42 elementor-widget elementor-widget-image-carousel\" data-id=\"98fef42\" data-element_type=\"widget\" data-settings=\"{&quot;slides_to_show&quot;:&quot;5&quot;,&quot;slides_to_scroll&quot;:&quot;1&quot;,&quot;navigation&quot;:&quot;none&quot;,&quot;slides_to_show_tablet&quot;:&quot;5&quot;,&quot;slides_to_show_mobile&quot;:&quot;3&quot;,&quot;autoplay&quot;:&quot;yes&quot;,&quot;pause_on_hover&quot;:&quot;yes&quot;,&quot;pause_on_interaction&quot;:&quot;yes&quot;,&quot;autoplay_speed&quot;:5000,&quot;infinite&quot;:&quot;yes&quot;,&quot;speed&quot;:500}\" data-widget_type=\"image-carousel.default\">\n\t\t\t\t<div class=\"elementor-widget-container\">\n\t\t\t<style>\/*! elementor - v3.23.0 - 05-08-2024 *\/\n.elementor-widget-image-carousel .swiper,.elementor-widget-image-carousel .swiper-container{position:static}.elementor-widget-image-carousel .swiper-container .swiper-slide figure,.elementor-widget-image-carousel .swiper .swiper-slide figure{line-height:inherit}.elementor-widget-image-carousel .swiper-slide{text-align:center}.elementor-image-carousel-wrapper:not(.swiper-container-initialized):not(.swiper-initialized) .swiper-slide{max-width:calc(100% \/ var(--e-image-carousel-slides-to-show, 3))}<\/style>\t\t<div class=\"elementor-image-carousel-wrapper swiper\" dir=\"ltr\">\n\t\t\t<div class=\"elementor-image-carousel swiper-wrapper\" aria-live=\"off\">\n\t\t\t\t\t\t\t\t<div class=\"swiper-slide\" role=\"group\" aria-roledescription=\"slide\" aria-label=\"1 de 10\"><figure class=\"swiper-slide-inner\"><img decoding=\"async\" class=\"swiper-slide-image\" src=\"https:\/\/www.verticalproteccioncontracaidas.com\/V2.0\/wp-content\/uploads\/elementor\/thumbs\/soluciones-en-altura-2-qoz7txcnh957dqguqaia0anb4zlll76t2m7vq710nc.jpeg\" alt=\"soluciones en altura (2)\" \/><\/figure><\/div><div class=\"swiper-slide\" role=\"group\" aria-roledescription=\"slide\" aria-label=\"2 de 10\"><figure class=\"swiper-slide-inner\"><img decoding=\"async\" class=\"swiper-slide-image\" src=\"https:\/\/www.verticalproteccioncontracaidas.com\/V2.0\/wp-content\/uploads\/elementor\/thumbs\/soluciones-en-altura-3-qoz7txcnh957dqguqaia0anb4zlll76t2m7vq710nc.jpeg\" alt=\"soluciones en altura (3)\" \/><\/figure><\/div><div class=\"swiper-slide\" role=\"group\" aria-roledescription=\"slide\" aria-label=\"3 de 10\"><figure class=\"swiper-slide-inner\"><img decoding=\"async\" class=\"swiper-slide-image\" src=\"https:\/\/www.verticalproteccioncontracaidas.com\/V2.0\/wp-content\/uploads\/elementor\/thumbs\/soluciones-en-altura-4-qoz7tyaho36hpcfhkswwkserqdgyswajeqvd7gzmh4.jpeg\" alt=\"soluciones en altura (4)\" \/><\/figure><\/div><div class=\"swiper-slide\" role=\"group\" aria-roledescription=\"slide\" aria-label=\"4 de 10\"><figure class=\"swiper-slide-inner\"><img decoding=\"async\" class=\"swiper-slide-image\" src=\"https:\/\/www.verticalproteccioncontracaidas.com\/V2.0\/wp-content\/uploads\/elementor\/thumbs\/soluciones-en-altura-1-qoz7tz8bux7s0ye4fbbj5a68brcc0le9qviuoqy8aw.jpeg\" alt=\"soluciones en altura (1)\" \/><\/figure><\/div><div class=\"swiper-slide\" role=\"group\" aria-roledescription=\"slide\" aria-label=\"5 de 10\"><figure class=\"swiper-slide-inner\"><img decoding=\"async\" class=\"swiper-slide-image\" src=\"https:\/\/www.verticalproteccioncontracaidas.com\/V2.0\/wp-content\/uploads\/elementor\/thumbs\/soluciones-alturas-Vertical-2-qp8huvl57ce965k0gn5gscaa205anyesolju27ihl4.jpg\" alt=\"soluciones alturas Vertical (2)\" \/><\/figure><\/div><div class=\"swiper-slide\" role=\"group\" aria-roledescription=\"slide\" aria-label=\"6 de 10\"><figure class=\"swiper-slide-inner\"><img decoding=\"async\" class=\"swiper-slide-image\" src=\"https:\/\/www.verticalproteccioncontracaidas.com\/V2.0\/wp-content\/uploads\/elementor\/thumbs\/soluciones-alturas-Vertical-3-qp8huwize6fjhrinb5k3cu1qne0nvnij0q7bjhh3ew.jpg\" alt=\"soluciones alturas Vertical (3)\" \/><\/figure><\/div><div class=\"swiper-slide\" role=\"group\" aria-roledescription=\"slide\" aria-label=\"7 de 10\"><figure class=\"swiper-slide-inner\"><img decoding=\"async\" class=\"swiper-slide-image\" src=\"https:\/\/www.verticalproteccioncontracaidas.com\/V2.0\/wp-content\/uploads\/elementor\/thumbs\/soluciones-alturas-Vertical-4-qp8huxgtl0gttdha5nypxbt78rw13cm9cuut0rfp8o.jpg\" alt=\"soluciones alturas Vertical (4)\" \/><\/figure><\/div><div class=\"swiper-slide\" role=\"group\" aria-roledescription=\"slide\" aria-label=\"8 de 10\"><figure class=\"swiper-slide-inner\"><img decoding=\"async\" class=\"swiper-slide-image\" src=\"https:\/\/www.verticalproteccioncontracaidas.com\/V2.0\/wp-content\/uploads\/elementor\/thumbs\/soluciones-alturas-Vertical-5-qp8huyenrui44zfx06dchtknu5reb1pzoziai1eb2g.jpg\" alt=\"soluciones alturas Vertical (5)\" \/><\/figure><\/div><div class=\"swiper-slide\" role=\"group\" aria-roledescription=\"slide\" aria-label=\"9 de 10\"><figure class=\"swiper-slide-inner\"><img decoding=\"async\" class=\"swiper-slide-image\" src=\"https:\/\/www.verticalproteccioncontracaidas.com\/V2.0\/wp-content\/uploads\/elementor\/thumbs\/soluciones-alturas-Vertical-6-qp8huzchyojeglejuorz2bc4fjmriqtq145rzbcww8.jpg\" alt=\"soluciones alturas Vertical (6)\" \/><\/figure><\/div><div class=\"swiper-slide\" role=\"group\" aria-roledescription=\"slide\" aria-label=\"10 de 10\"><figure class=\"swiper-slide-inner\"><img decoding=\"async\" class=\"swiper-slide-image\" src=\"https:\/\/www.verticalproteccioncontracaidas.com\/V2.0\/wp-content\/uploads\/elementor\/thumbs\/soluciones-alturas-Vertical-1-qp8huzchyojeglejuorz2bc4fjmriqtq145rzbcww8.jpg\" alt=\"soluciones alturas Vertical (1)\" \/><\/figure><\/div>\t\t\t<\/div>\n\t\t\t\t\t\t\t\n\t\t\t\t\t\t\t\t\t<\/div>\n\t\t\t\t<\/div>\n\t\t\t\t<\/div>\n\t\t\t\t<\/div>\n\t\t\t\t<\/div>\n\t\t\t\t<\/div>\n\t\t","protected":false},"excerpt":{"rendered":"<p>Trabajos en Suspensi\u00f3n Limpieza de fachadas Limpieza de cristales Pintura de fachadas Hidrofugado de fachadas Frisados de fachadas y estreo Lavado de tanques Preparaci\u00f3n para certificaci\u00f3n de ascensores (NTC 5926-1) Impermeabilizaci\u00f3n de placas y cubiertas Aplicaci\u00f3n de manto asfaltico de alta temperatura Reparaci\u00f3n de goteras y humedades en cubiertas Montaje de estructura met\u00e1lica Limpieza y [&hellip;]<\/p>\n","protected":false},"author":4,"featured_media":11947,"parent":11223,"menu_order":0,"comment_status":"closed","ping_status":"closed","template":"","meta":{"footnotes":""},"class_list":["post-11039","page","type-page","status-publish","has-post-thumbnail","hentry"],"_links":{"self":[{"href":"https:\/\/www.verticalproteccioncontracaidas.com\/V2.0\/wp-json\/wp\/v2\/pages\/11039"}],"collection":[{"href":"https:\/\/www.verticalproteccioncontracaidas.com\/V2.0\/wp-json\/wp\/v2\/pages"}],"about":[{"href":"https:\/\/www.verticalproteccioncontracaidas.com\/V2.0\/wp-json\/wp\/v2\/types\/page"}],"author":[{"embeddable":true,"href":"https:\/\/www.verticalproteccioncontracaidas.com\/V2.0\/wp-json\/wp\/v2\/users\/4"}],"replies":[{"embeddable":true,"href":"https:\/\/www.verticalproteccioncontracaidas.com\/V2.0\/wp-json\/wp\/v2\/comments?post=11039"}],"version-history":[{"count":5,"href":"https:\/\/www.verticalproteccioncontracaidas.com\/V2.0\/wp-json\/wp\/v2\/pages\/11039\/revisions"}],"predecessor-version":[{"id":11872,"href":"https:\/\/www.verticalproteccioncontracaidas.com\/V2.0\/wp-json\/wp\/v2\/pages\/11039\/revisions\/11872"}],"up":[{"embeddable":true,"href":"https:\/\/www.verticalproteccioncontracaidas.com\/V2.0\/wp-json\/wp\/v2\/pages\/11223"}],"wp:featuredmedia":[{"embeddable":true,"href":"https:\/\/www.verticalproteccioncontracaidas.com\/V2.0\/wp-json\/wp\/v2\/media\/11947"}],"wp:attachment":[{"href":"https:\/\/www.verticalproteccioncontracaidas.com\/V2.0\/wp-json\/wp\/v2\/media?parent=11039"}],"curies":[{"name":"wp","href":"https:\/\/api.w.org\/{rel}","templated":true}]}}