{"id":10378,"date":"2017-06-14T20:23:31","date_gmt":"2017-06-14T20:23:31","guid":{"rendered":"https:\/\/www.verticalproteccioncontracaidas.com\/V2.0\/?page_id=10378"},"modified":"2024-08-07T14:42:14","modified_gmt":"2024-08-07T19:42:14","slug":"poda-y-tala-de-arboles","status":"publish","type":"page","link":"https:\/\/www.verticalproteccioncontracaidas.com\/V2.0\/unidades-de-negocio\/poda-y-tala-de-arboles\/","title":{"rendered":"Poda Especializada en:"},"content":{"rendered":"\t\t<div data-elementor-type=\"wp-page\" data-elementor-id=\"10378\" class=\"elementor elementor-10378\" data-elementor-post-type=\"page\">\n\t\t\t\t<div class=\"elementor-element elementor-element-004c0eb e-con-full e-flex e-con e-parent\" data-id=\"004c0eb\" data-element_type=\"container\">\n\t\t<div class=\"elementor-element elementor-element-501ffc9 e-con-full e-flex e-con e-child\" data-id=\"501ffc9\" data-element_type=\"container\">\n\t\t\t\t<div class=\"elementor-element elementor-element-02bb44a elementor-align-center elementor-icon-list--layout-traditional elementor-list-item-link-full_width elementor-widget elementor-widget-icon-list\" data-id=\"02bb44a\" data-element_type=\"widget\" data-widget_type=\"icon-list.default\">\n\t\t\t\t<div class=\"elementor-widget-container\">\n\t\t\t<link rel=\"stylesheet\" href=\"https:\/\/www.verticalproteccioncontracaidas.com\/V2.0\/wp-content\/plugins\/elementor\/assets\/css\/widget-icon-list.min.css\">\t\t<ul class=\"elementor-icon-list-items\">\n\t\t\t\t\t\t\t<li class=\"elementor-icon-list-item\">\n\t\t\t\t\t\t\t\t\t\t\t<span class=\"elementor-icon-list-icon\">\n\t\t\t\t\t\t\t<i aria-hidden=\"true\" class=\"fas fa-check\"><\/i>\t\t\t\t\t\t<\/span>\n\t\t\t\t\t\t\t\t\t\t<span class=\"elementor-icon-list-text\">\u00c1rboles con afectaci\u00f3n a edificios.<\/span>\n\t\t\t\t\t\t\t\t\t<\/li>\n\t\t\t\t\t\t\t\t<li class=\"elementor-icon-list-item\">\n\t\t\t\t\t\t\t\t\t\t\t<span class=\"elementor-icon-list-icon\">\n\t\t\t\t\t\t\t<i aria-hidden=\"true\" class=\"fas fa-check\"><\/i>\t\t\t\t\t\t<\/span>\n\t\t\t\t\t\t\t\t\t\t<span class=\"elementor-icon-list-text\">Arboles con interferencia a l\u00edneas el\u00e9ctricas<\/span>\n\t\t\t\t\t\t\t\t\t<\/li>\n\t\t\t\t\t\t\t\t<li class=\"elementor-icon-list-item\">\n\t\t\t\t\t\t\t\t\t\t\t<span class=\"elementor-icon-list-icon\">\n\t\t\t\t\t\t\t<i aria-hidden=\"true\" class=\"fas fa-check\"><\/i>\t\t\t\t\t\t<\/span>\n\t\t\t\t\t\t\t\t\t\t<span class=\"elementor-icon-list-text\">Tala de arboles - Poda de arboles<\/span>\n\t\t\t\t\t\t\t\t\t<\/li>\n\t\t\t\t\t\t\t\t<li class=\"elementor-icon-list-item\">\n\t\t\t\t\t\t\t\t\t\t\t<span class=\"elementor-icon-list-icon\">\n\t\t\t\t\t\t\t<i aria-hidden=\"true\" class=\"fas fa-check\"><\/i>\t\t\t\t\t\t<\/span>\n\t\t\t\t\t\t\t\t\t\t<span class=\"elementor-icon-list-text\">Poda de palmeras<\/span>\n\t\t\t\t\t\t\t\t\t<\/li>\n\t\t\t\t\t\t\t\t<li class=\"elementor-icon-list-item\">\n\t\t\t\t\t\t\t\t\t\t\t<span class=\"elementor-icon-list-icon\">\n\t\t\t\t\t\t\t<i aria-hidden=\"true\" class=\"fas fa-check\"><\/i>\t\t\t\t\t\t<\/span>\n\t\t\t\t\t\t\t\t\t\t<span class=\"elementor-icon-list-text\">Fumigaci\u00f3n arboles enfermos<\/span>\n\t\t\t\t\t\t\t\t\t<\/li>\n\t\t\t\t\t\t<\/ul>\n\t\t\t\t<\/div>\n\t\t\t\t<\/div>\n\t\t\t\t<\/div>\n\t\t<div class=\"elementor-element elementor-element-ee9dcb2 e-con-full e-flex e-con e-child\" data-id=\"ee9dcb2\" data-element_type=\"container\">\n\t\t\t\t<div class=\"elementor-element elementor-element-0dd9656 elementor-widget elementor-widget-image-carousel\" data-id=\"0dd9656\" data-element_type=\"widget\" data-settings=\"{&quot;slides_to_show&quot;:&quot;5&quot;,&quot;slides_to_scroll&quot;:&quot;1&quot;,&quot;navigation&quot;:&quot;none&quot;,&quot;image_spacing_custom&quot;:{&quot;unit&quot;:&quot;px&quot;,&quot;size&quot;:0,&quot;sizes&quot;:[]},&quot;slides_to_show_tablet&quot;:&quot;5&quot;,&quot;slides_to_show_mobile&quot;:&quot;3&quot;,&quot;autoplay&quot;:&quot;yes&quot;,&quot;autoplay_speed&quot;:5000,&quot;infinite&quot;:&quot;yes&quot;,&quot;speed&quot;:500,&quot;image_spacing_custom_tablet&quot;:{&quot;unit&quot;:&quot;px&quot;,&quot;size&quot;:&quot;&quot;,&quot;sizes&quot;:[]},&quot;image_spacing_custom_mobile&quot;:{&quot;unit&quot;:&quot;px&quot;,&quot;size&quot;:&quot;&quot;,&quot;sizes&quot;:[]}}\" data-widget_type=\"image-carousel.default\">\n\t\t\t\t<div class=\"elementor-widget-container\">\n\t\t\t<style>\/*! elementor - v3.23.0 - 05-08-2024 *\/\n.elementor-widget-image-carousel .swiper,.elementor-widget-image-carousel .swiper-container{position:static}.elementor-widget-image-carousel .swiper-container .swiper-slide figure,.elementor-widget-image-carousel .swiper .swiper-slide figure{line-height:inherit}.elementor-widget-image-carousel .swiper-slide{text-align:center}.elementor-image-carousel-wrapper:not(.swiper-container-initialized):not(.swiper-initialized) .swiper-slide{max-width:calc(100% \/ var(--e-image-carousel-slides-to-show, 3))}<\/style>\t\t<div class=\"elementor-image-carousel-wrapper swiper\" dir=\"ltr\">\n\t\t\t<div class=\"elementor-image-carousel swiper-wrapper swiper-image-stretch\" aria-live=\"off\">\n\t\t\t\t\t\t\t\t<div class=\"swiper-slide\" role=\"group\" aria-roledescription=\"slide\" aria-label=\"1 de 6\"><figure class=\"swiper-slide-inner\"><img decoding=\"async\" class=\"swiper-slide-image\" src=\"https:\/\/www.verticalproteccioncontracaidas.com\/V2.0\/wp-content\/uploads\/elementor\/thumbs\/poda-1-qoxmyhcgsqci3ghud9tesylt676z3uz4wpgr8asm14.jpg\" alt=\"poda (1)\" \/><\/figure><\/div><div class=\"swiper-slide\" role=\"group\" aria-roledescription=\"slide\" aria-label=\"2 de 6\"><figure class=\"swiper-slide-inner\"><img decoding=\"async\" class=\"swiper-slide-image\" src=\"https:\/\/www.verticalproteccioncontracaidas.com\/V2.0\/wp-content\/uploads\/elementor\/thumbs\/poda-2-qoxmyiaazkdsf2gh7s81dgd9rl2cbk2v8u48pkr7uw.jpg\" alt=\"poda (2)\" \/><\/figure><\/div><div class=\"swiper-slide\" role=\"group\" aria-roledescription=\"slide\" aria-label=\"3 de 6\"><figure class=\"swiper-slide-inner\"><img decoding=\"async\" class=\"swiper-slide-image\" src=\"https:\/\/www.verticalproteccioncontracaidas.com\/V2.0\/wp-content\/uploads\/elementor\/thumbs\/poda-3-qoxmyj856ef2qof42amnxy4qcyxpj96lkyrq6uptoo.jpg\" alt=\"poda (3)\" \/><\/figure><\/div><div class=\"swiper-slide\" role=\"group\" aria-roledescription=\"slide\" aria-label=\"4 de 6\"><figure class=\"swiper-slide-inner\"><img decoding=\"async\" class=\"swiper-slide-image\" src=\"https:\/\/www.verticalproteccioncontracaidas.com\/V2.0\/wp-content\/uploads\/elementor\/thumbs\/poda-4-qoxmyk5zd8gd2adqwt1aifw6yct2qyabx3f7o4ofig.jpg\" alt=\"poda (4)\" \/><\/figure><\/div><div class=\"swiper-slide\" role=\"group\" aria-roledescription=\"slide\" aria-label=\"5 de 6\"><figure class=\"swiper-slide-inner\"><img decoding=\"async\" class=\"swiper-slide-image\" src=\"https:\/\/www.verticalproteccioncontracaidas.com\/V2.0\/wp-content\/uploads\/elementor\/thumbs\/poda-5-qoxmyl3tk2hndwcdrbfx2xnnjqofyne2982p5en1c8.jpg\" alt=\"poda (5)\" \/><\/figure><\/div><div class=\"swiper-slide\" role=\"group\" aria-roledescription=\"slide\" aria-label=\"6 de 6\"><figure class=\"swiper-slide-inner\"><img decoding=\"async\" class=\"swiper-slide-image\" src=\"https:\/\/www.verticalproteccioncontracaidas.com\/V2.0\/wp-content\/uploads\/elementor\/thumbs\/poda-6-qoxmymzhxqk8149ngc967x6kqif6e1lixhdo3yk8zs.jpg\" alt=\"poda (6)\" \/><\/figure><\/div>\t\t\t<\/div>\n\t\t\t\t\t\t\t\n\t\t\t\t\t\t\t\t\t<\/div>\n\t\t\t\t<\/div>\n\t\t\t\t<\/div>\n\t\t\t\t<\/div>\n\t\t\t\t<\/div>\n\t\t\t\t<\/div>\n\t\t","protected":false},"excerpt":{"rendered":"<p>\u00c1rboles con afectaci\u00f3n a edificios. Arboles con interferencia a l\u00edneas el\u00e9ctricas Tala de arboles &#8211; Poda de arboles Poda de palmeras Fumigaci\u00f3n arboles enfermos<\/p>\n","protected":false},"author":4,"featured_media":11948,"parent":11223,"menu_order":0,"comment_status":"closed","ping_status":"closed","template":"","meta":{"footnotes":""},"class_list":["post-10378","page","type-page","status-publish","has-post-thumbnail","hentry"],"_links":{"self":[{"href":"https:\/\/www.verticalproteccioncontracaidas.com\/V2.0\/wp-json\/wp\/v2\/pages\/10378"}],"collection":[{"href":"https:\/\/www.verticalproteccioncontracaidas.com\/V2.0\/wp-json\/wp\/v2\/pages"}],"about":[{"href":"https:\/\/www.verticalproteccioncontracaidas.com\/V2.0\/wp-json\/wp\/v2\/types\/page"}],"author":[{"embeddable":true,"href":"https:\/\/www.verticalproteccioncontracaidas.com\/V2.0\/wp-json\/wp\/v2\/users\/4"}],"replies":[{"embeddable":true,"href":"https:\/\/www.verticalproteccioncontracaidas.com\/V2.0\/wp-json\/wp\/v2\/comments?post=10378"}],"version-history":[{"count":5,"href":"https:\/\/www.verticalproteccioncontracaidas.com\/V2.0\/wp-json\/wp\/v2\/pages\/10378\/revisions"}],"predecessor-version":[{"id":11815,"href":"https:\/\/www.verticalproteccioncontracaidas.com\/V2.0\/wp-json\/wp\/v2\/pages\/10378\/revisions\/11815"}],"up":[{"embeddable":true,"href":"https:\/\/www.verticalproteccioncontracaidas.com\/V2.0\/wp-json\/wp\/v2\/pages\/11223"}],"wp:featuredmedia":[{"embeddable":true,"href":"https:\/\/www.verticalproteccioncontracaidas.com\/V2.0\/wp-json\/wp\/v2\/media\/11948"}],"wp:attachment":[{"href":"https:\/\/www.verticalproteccioncontracaidas.com\/V2.0\/wp-json\/wp\/v2\/media?parent=10378"}],"curies":[{"name":"wp","href":"https:\/\/api.w.org\/{rel}","templated":true}]}}